{"id":731,"date":"2021-06-22T14:31:03","date_gmt":"2021-06-22T13:31:03","guid":{"rendered":"https:\/\/mojo-agency.org\/dev\/contact\/"},"modified":"2025-09-23T16:57:35","modified_gmt":"2025-09-23T14:57:35","slug":"nous-contacter","status":"publish","type":"page","link":"https:\/\/mojo-agency.org\/fr\/nous-contacter\/","title":{"rendered":"Nous contacter"},"content":{"rendered":"\n<p>MOJO Agency c\u2019est avant tout un projet collectif, une aventure humaine, pleine d\u2019optimisme et de projets audacieux. Que vous ayez un nouveau projet \u00e0 nous partager, ou une question \u00e0 nous soumettre, nous sommes \u00e0 votre \u00e9coute.&nbsp;<\/p>\n","protected":false},"excerpt":{"rendered":"<p>MOJO Agency c\u2019est avant tout un projet collectif, une aventure humaine, pleine d\u2019optimisme et de projets audacieux. Que vous ayez un nouveau projet \u00e0 nous partager, ou une question \u00e0 nous soumettre, nous sommes \u00e0 votre \u00e9coute.&nbsp;<\/p>\n","protected":false},"author":15,"featured_media":0,"parent":0,"menu_order":0,"comment_status":"closed","ping_status":"closed","template":"template-contact.php","meta":{"_acf_changed":false,"inline_featured_image":false,"footnotes":""},"class_list":["post-731","page","type-page","status-publish","hentry"],"acf":[],"yoast_head":"<title>Nous contacter - MOJO Agency<\/title>\n<meta name=\"description\" content=\"Un nouveau projet passionnant ? Une question ? Une demande ? Nous contacter pour \u00e9lever votre impact au niveau sup\u00e9rieur.\" \/>\n<meta name=\"robots\" content=\"index, follow, max-snippet:-1, max-image-preview:large, max-video-preview:-1\" \/>\n<link rel=\"canonical\" href=\"https:\/\/mojo-agency.org\/fr\/nous-contacter\/\" \/>\n<meta property=\"og:locale\" content=\"fr_FR\" \/>\n<meta property=\"og:type\" content=\"article\" \/>\n<meta property=\"og:title\" content=\"Nous contacter - MOJO Agency\" \/>\n<meta property=\"og:description\" content=\"Un nouveau projet passionnant ? Une question ? Une demande ? Nous contacter pour \u00e9lever votre impact au niveau sup\u00e9rieur.\" \/>\n<meta property=\"og:url\" content=\"https:\/\/mojo-agency.org\/fr\/nous-contacter\/\" \/>\n<meta property=\"og:site_name\" content=\"MOJO Agency\" \/>\n<meta property=\"article:publisher\" content=\"https:\/\/www.facebook.com\/AgencyMojo\" \/>\n<meta property=\"article:modified_time\" content=\"2025-09-23T14:57:35+00:00\" \/>\n<meta name=\"twitter:card\" content=\"summary_large_image\" \/>\n<meta name=\"twitter:site\" content=\"@mojoagency_\" \/>\n<meta name=\"twitter:label1\" content=\"Dur\u00e9e de lecture estim\u00e9e\" \/>\n\t<meta name=\"twitter:data1\" content=\"1 minute\" \/>\n<script type=\"application\/ld+json\" class=\"yoast-schema-graph\">{\"@context\":\"https:\\\/\\\/schema.org\",\"@graph\":[{\"@type\":\"WebPage\",\"@id\":\"https:\\\/\\\/mojo-agency.org\\\/fr\\\/nous-contacter\\\/\",\"url\":\"https:\\\/\\\/mojo-agency.org\\\/fr\\\/nous-contacter\\\/\",\"name\":\"Nous contacter - MOJO Agency\",\"isPartOf\":{\"@id\":\"https:\\\/\\\/mojo-agency.org\\\/fr\\\/#website\"},\"datePublished\":\"2021-06-22T13:31:03+00:00\",\"dateModified\":\"2025-09-23T14:57:35+00:00\",\"description\":\"Un nouveau projet passionnant ? Une question ? Une demande ? Nous contacter pour \u00e9lever votre impact au niveau sup\u00e9rieur.\",\"breadcrumb\":{\"@id\":\"https:\\\/\\\/mojo-agency.org\\\/fr\\\/nous-contacter\\\/#breadcrumb\"},\"inLanguage\":\"fr-FR\",\"potentialAction\":[{\"@type\":\"ReadAction\",\"target\":[\"https:\\\/\\\/mojo-agency.org\\\/fr\\\/nous-contacter\\\/\"]}]},{\"@type\":\"BreadcrumbList\",\"@id\":\"https:\\\/\\\/mojo-agency.org\\\/fr\\\/nous-contacter\\\/#breadcrumb\",\"itemListElement\":[{\"@type\":\"ListItem\",\"position\":1,\"name\":\"Home\",\"item\":\"https:\\\/\\\/mojo-agency.org\\\/fr\\\/\"},{\"@type\":\"ListItem\",\"position\":2,\"name\":\"Nous contacter\"}]},{\"@type\":\"WebSite\",\"@id\":\"https:\\\/\\\/mojo-agency.org\\\/fr\\\/#website\",\"url\":\"https:\\\/\\\/mojo-agency.org\\\/fr\\\/\",\"name\":\"MOJO Agency\",\"description\":\"\",\"publisher\":{\"@id\":\"https:\\\/\\\/mojo-agency.org\\\/fr\\\/#organization\"},\"potentialAction\":[{\"@type\":\"SearchAction\",\"target\":{\"@type\":\"EntryPoint\",\"urlTemplate\":\"https:\\\/\\\/mojo-agency.org\\\/fr\\\/?s={search_term_string}\"},\"query-input\":{\"@type\":\"PropertyValueSpecification\",\"valueRequired\":true,\"valueName\":\"search_term_string\"}}],\"inLanguage\":\"fr-FR\"},{\"@type\":\"Organization\",\"@id\":\"https:\\\/\\\/mojo-agency.org\\\/fr\\\/#organization\",\"name\":\"MOJO Agency\",\"url\":\"https:\\\/\\\/mojo-agency.org\\\/fr\\\/\",\"logo\":{\"@type\":\"ImageObject\",\"inLanguage\":\"fr-FR\",\"@id\":\"https:\\\/\\\/mojo-agency.org\\\/fr\\\/#\\\/schema\\\/logo\\\/image\\\/\",\"url\":\"https:\\\/\\\/mojo-agency.org\\\/wp-content\\\/uploads\\\/2024\\\/02\\\/MOJO_AGENCY.png\",\"contentUrl\":\"https:\\\/\\\/mojo-agency.org\\\/wp-content\\\/uploads\\\/2024\\\/02\\\/MOJO_AGENCY.png\",\"width\":1080,\"height\":1080,\"caption\":\"MOJO Agency\"},\"image\":{\"@id\":\"https:\\\/\\\/mojo-agency.org\\\/fr\\\/#\\\/schema\\\/logo\\\/image\\\/\"},\"sameAs\":[\"https:\\\/\\\/www.facebook.com\\\/AgencyMojo\",\"https:\\\/\\\/x.com\\\/mojoagency_\",\"https:\\\/\\\/www.instagram.com\\\/mojoagency_\\\/\",\"https:\\\/\\\/www.youtube.com\\\/channel\\\/UCnh-i1u7JTuFl1ab5QoSRUA\",\"https:\\\/\\\/be.linkedin.com\\\/company\\\/mojo-agency\"]}]}<\/script>","yoast_head_json":{"title":"Nous contacter - MOJO Agency","description":"Un nouveau projet passionnant ? Une question ? Une demande ? Nous contacter pour \u00e9lever votre impact au niveau sup\u00e9rieur.","robots":{"index":"index","follow":"follow","max-snippet":"max-snippet:-1","max-image-preview":"max-image-preview:large","max-video-preview":"max-video-preview:-1"},"canonical":"https:\/\/mojo-agency.org\/fr\/nous-contacter\/","og_locale":"fr_FR","og_type":"article","og_title":"Nous contacter - MOJO Agency","og_description":"Un nouveau projet passionnant ? Une question ? Une demande ? Nous contacter pour \u00e9lever votre impact au niveau sup\u00e9rieur.","og_url":"https:\/\/mojo-agency.org\/fr\/nous-contacter\/","og_site_name":"MOJO Agency","article_publisher":"https:\/\/www.facebook.com\/AgencyMojo","article_modified_time":"2025-09-23T14:57:35+00:00","twitter_card":"summary_large_image","twitter_site":"@mojoagency_","twitter_misc":{"Dur\u00e9e de lecture estim\u00e9e":"1 minute"},"schema":{"@context":"https:\/\/schema.org","@graph":[{"@type":"WebPage","@id":"https:\/\/mojo-agency.org\/fr\/nous-contacter\/","url":"https:\/\/mojo-agency.org\/fr\/nous-contacter\/","name":"Nous contacter - MOJO Agency","isPartOf":{"@id":"https:\/\/mojo-agency.org\/fr\/#website"},"datePublished":"2021-06-22T13:31:03+00:00","dateModified":"2025-09-23T14:57:35+00:00","description":"Un nouveau projet passionnant ? Une question ? Une demande ? Nous contacter pour \u00e9lever votre impact au niveau sup\u00e9rieur.","breadcrumb":{"@id":"https:\/\/mojo-agency.org\/fr\/nous-contacter\/#breadcrumb"},"inLanguage":"fr-FR","potentialAction":[{"@type":"ReadAction","target":["https:\/\/mojo-agency.org\/fr\/nous-contacter\/"]}]},{"@type":"BreadcrumbList","@id":"https:\/\/mojo-agency.org\/fr\/nous-contacter\/#breadcrumb","itemListElement":[{"@type":"ListItem","position":1,"name":"Home","item":"https:\/\/mojo-agency.org\/fr\/"},{"@type":"ListItem","position":2,"name":"Nous contacter"}]},{"@type":"WebSite","@id":"https:\/\/mojo-agency.org\/fr\/#website","url":"https:\/\/mojo-agency.org\/fr\/","name":"MOJO Agency","description":"","publisher":{"@id":"https:\/\/mojo-agency.org\/fr\/#organization"},"potentialAction":[{"@type":"SearchAction","target":{"@type":"EntryPoint","urlTemplate":"https:\/\/mojo-agency.org\/fr\/?s={search_term_string}"},"query-input":{"@type":"PropertyValueSpecification","valueRequired":true,"valueName":"search_term_string"}}],"inLanguage":"fr-FR"},{"@type":"Organization","@id":"https:\/\/mojo-agency.org\/fr\/#organization","name":"MOJO Agency","url":"https:\/\/mojo-agency.org\/fr\/","logo":{"@type":"ImageObject","inLanguage":"fr-FR","@id":"https:\/\/mojo-agency.org\/fr\/#\/schema\/logo\/image\/","url":"https:\/\/mojo-agency.org\/wp-content\/uploads\/2024\/02\/MOJO_AGENCY.png","contentUrl":"https:\/\/mojo-agency.org\/wp-content\/uploads\/2024\/02\/MOJO_AGENCY.png","width":1080,"height":1080,"caption":"MOJO Agency"},"image":{"@id":"https:\/\/mojo-agency.org\/fr\/#\/schema\/logo\/image\/"},"sameAs":["https:\/\/www.facebook.com\/AgencyMojo","https:\/\/x.com\/mojoagency_","https:\/\/www.instagram.com\/mojoagency_\/","https:\/\/www.youtube.com\/channel\/UCnh-i1u7JTuFl1ab5QoSRUA","https:\/\/be.linkedin.com\/company\/mojo-agency"]}]}},"_links":{"self":[{"href":"https:\/\/mojo-agency.org\/fr\/wp-json\/wp\/v2\/pages\/731","targetHints":{"allow":["GET"]}}],"collection":[{"href":"https:\/\/mojo-agency.org\/fr\/wp-json\/wp\/v2\/pages"}],"about":[{"href":"https:\/\/mojo-agency.org\/fr\/wp-json\/wp\/v2\/types\/page"}],"author":[{"embeddable":true,"href":"https:\/\/mojo-agency.org\/fr\/wp-json\/wp\/v2\/users\/15"}],"replies":[{"embeddable":true,"href":"https:\/\/mojo-agency.org\/fr\/wp-json\/wp\/v2\/comments?post=731"}],"version-history":[{"count":1,"href":"https:\/\/mojo-agency.org\/fr\/wp-json\/wp\/v2\/pages\/731\/revisions"}],"predecessor-version":[{"id":9265,"href":"https:\/\/mojo-agency.org\/fr\/wp-json\/wp\/v2\/pages\/731\/revisions\/9265"}],"wp:attachment":[{"href":"https:\/\/mojo-agency.org\/fr\/wp-json\/wp\/v2\/media?parent=731"}],"curies":[{"name":"wp","href":"https:\/\/api.w.org\/{rel}","templated":true}]}}