{"id":3799,"date":"2023-02-08T12:11:02","date_gmt":"2023-02-08T11:11:02","guid":{"rendered":"https:\/\/mojo-agency.org\/jobs\/"},"modified":"2026-01-28T17:57:55","modified_gmt":"2026-01-28T16:57:55","slug":"recrutement","status":"publish","type":"page","link":"https:\/\/mojo-agency.org\/fr\/recrutement\/","title":{"rendered":"Recrutement"},"content":{"rendered":"\n<h2 class=\"wp-block-heading\"><strong>STAGE &#8211; EDITORIAL &amp; DIGITAL DESIGN<\/strong><\/h2>\n\n\n\n<details class=\"wp-block-details is-layout-flow wp-block-details-is-layout-flow\"><summary>Voir la description de l&rsquo;offre<\/summary>\n<div style=\"height:30px\" aria-hidden=\"true\" class=\"wp-block-spacer\"><\/div>\n\n\n\n<p><strong>Localisation:<\/strong> Forest &#8211; Brussels, Belgium<\/p>\n\n\n\n<p><strong>Type de Contrat:<\/strong> Stage &#8211; 4 \u00e0 6 mois<\/p>\n\n\n\n<p><strong>Date de d\u00e9but<\/strong>: D\u00e8s que possible<\/p>\n\n\n\n<p class=\"has-vivid-cyan-blue-color has-text-color\"><strong>Quelques mots sur l&rsquo;agence MOJO<\/strong><\/p>\n\n\n\n<p><strong>-&gt; Qui nous sommes<\/strong><\/p>\n\n\n\n<p>Bas\u00e9e \u00e0 Bruxelles, MOJO Agency est une agence de communication ind\u00e9pendante et engag\u00e9e (asbl) qui propose des solutions innovantes, efficaces et responsables aux organisations \u0153uvrant pour un monde plus juste et plus durable.<\/p>\n\n\n\n<p><strong>-&gt; Ce que nous faisons<\/strong><\/p>\n\n\n\n<p>Nous collaborons avec eux pour accro\u00eetre leur visibilit\u00e9, cr\u00e9er de nouveaux r\u00e9cits et amplifier leur voix en faveur des causes qu&rsquo;ils d\u00e9fendent, telles que le changement climatique, la protection de l&rsquo;enfance, l&rsquo;investissement \u00e9thique et les droits de l&rsquo;homme.<\/p>\n\n\n\n<p><strong>-&gt; Pour qui nous travaillons<\/strong><\/p>\n\n\n\n<p>Nous comptons parmi nos clients des fondations, des start-ups, des associations, des entreprises \u00e0 impact, des groupes de r\u00e9flexion europ\u00e9ens et des organisations publiques &#8211; actives dans toute l&rsquo;Europe et \u00e0 l&rsquo;\u00e9chelle internationale &#8211; dont Greenpeace, la Croix-Rouge de Belgique, NewB, Solidaris Brabant, Bruxelles Environnement, South Pole\/CO2logic, KIKK, la Fondation europ\u00e9enne pour le climat, Missing Children Europe, et bien d&rsquo;autres encore.<\/p>\n\n\n\n<p><strong>-&gt; Ce dont nous avons besoin<\/strong><\/p>\n\n\n\n<p>Nous recherchons un <strong>stagiaire dynamique et passionn\u00e9<\/strong> pour rejoindre notre \u00e9quipe sp\u00e9cialis\u00e9e dans le branding, le graphisme et le design num\u00e9rique (UX\/UI).<\/p>\n\n\n\n<p>Ce stage de 6 mois offre l&rsquo;opportunit\u00e9 d&rsquo;acqu\u00e9rir une exp\u00e9rience pr\u00e9cieuse dans une agence cr\u00e9ative tout en contribuant \u00e0 des projets inspirants et percutants.<\/p>\n\n\n\n<p><strong><em>Description de l&rsquo;offre d&#8217;emploi<\/em><\/strong><\/p>\n\n\n\n<p>&#8211;<strong>&gt;<\/strong> <strong>Les Missions<\/strong><\/p>\n\n\n\n<ul class=\"wp-block-list\">\n<li><strong>Cr\u00e9er des identit\u00e9s visuelles :<\/strong> aider l&rsquo;\u00e9quipe \u00e0 d\u00e9velopper des identit\u00e9s de marque pour divers clients.<\/li>\n\n\n\n<li><strong>Concevoir divers supports visuels : <\/strong>contribuer \u00e0 la production de supports de communication, notamment des brochures, des affiches et des ressources pour les r\u00e9seaux sociaux.<\/li>\n\n\n\n<li><strong>Participer \u00e0 la conception UX\/UI : <\/strong>aider l&rsquo;\u00e9quipe de conception \u00e0 cr\u00e9er des interfaces utilisateur (UI) et des exp\u00e9riences utilisateur (UX) pour les sites web et les applications.<\/li>\n\n\n\n<li><strong>Recherche de tendances et inspiration :<\/strong> rechercher les tendances en mati\u00e8re de conception et fournir de l&rsquo;inspiration pour les projets en cours.<\/li>\n\n\n\n<li><strong>Brainstorming et d\u00e9veloppement de concepts :<\/strong> collaborer avec l&rsquo;\u00e9quipe cr\u00e9ative pour r\u00e9fl\u00e9chir et d\u00e9velopper des concepts innovants.<\/li>\n\n\n\n<li><strong>Gestion des projets et des d\u00e9lais :<\/strong> aider \u00e0 l&rsquo;organisation des projets, en veillant au respect des d\u00e9lais et des normes de qualit\u00e9.<\/li>\n<\/ul>\n\n\n\n<p><strong>-&gt; Nous recherchons<\/strong><\/p>\n\n\n\n<ul class=\"wp-block-list\">\n<li>\u00c9tudiant en master de marketing.<\/li>\n\n\n\n<li>Exp\u00e9rience (projets \u00e9tudiants, clubs ou stages) dans les domaines des r\u00e9seaux sociaux, du marketing num\u00e9rique, de la gestion de projets et de la communication.<\/li>\n\n\n\n<li>Ma\u00eetrise de l&rsquo;anglais et du fran\u00e7ais, nos clients \u00e9tant bilingues.<\/li>\n\n\n\n<li>Curieux, proactif et d\u00e9sireux d&rsquo;apprendre dans un environnement cr\u00e9atif et dynamique.<\/li>\n\n\n\n<li>Esprit d&rsquo;initiative, aime la diversit\u00e9 et sait g\u00e9rer plusieurs t\u00e2ches de mani\u00e8re autonome.<\/li>\n<\/ul>\n\n\n\n<p><strong>-&gt; Pourquoi nous rejoindre ?<\/strong><\/p>\n\n\n\n<ul class=\"wp-block-list\">\n<li>Opportunit\u00e9 de travailler avec une \u00e9quipe passionn\u00e9e et innovante qui se consacre \u00e0 des projets significatifs et ayant un impact.<\/li>\n\n\n\n<li>Acqu\u00e9rir une exp\u00e9rience pratique dans le secteur de la communication et de la cr\u00e9ation, en travaillant avec des clients de divers secteurs.<\/li>\n\n\n\n<li>Un environnement de travail collaboratif et dynamique<\/li>\n<\/ul>\n\n\n\n<p><strong>Int\u00e9ress\u00e9(e) ?<\/strong><\/p>\n\n\n\n<p>Envoie nous:<\/p>\n\n\n\n<ul class=\"wp-block-list\">\n<li>Ton CV<\/li>\n\n\n\n<li>Une lettre de motivation et une courte pr\u00e9sentation de toi-m\u00eame<\/li>\n\n\n\n<li>Objet mail : <strong>[Internship Application] Creative + Nom &amp; Pr\u00e9nom<\/strong><\/li>\n<\/ul>\n<\/details>\n\n\n\n<div style=\"height:80px\" aria-hidden=\"true\" class=\"wp-block-spacer\"><\/div>\n\n\n\n<p>Int\u00e9ress\u00e9.e ?<\/p>\n\n\n\n<p><strong>Stage :<\/strong> Envoies-nous ta candidature \u00e0 <em><strong><a href=\"mailto:jobs@mojo-agency.org\">jobs@mojo-agency.org<\/a><\/strong> &amp; <a href=\"mailto:thomas.h@mojo-agency.org\">thomas.h@mojo-agency.org<\/a><\/em>, <a href=\"mailto:olga.b@mojo-agency.org\">olga.b@mojo-agency.org<\/a><\/p>\n\n\n\n<div style=\"height:60px\" aria-hidden=\"true\" class=\"wp-block-spacer\"><\/div>\n\n\n\n<div class=\"wp-block-buttons has-custom-font-size has-medium-font-size is-content-justification-space-between is-layout-flex wp-container-core-buttons-is-layout-3d213aab wp-block-buttons-is-layout-flex\">\n<div class=\"wp-block-button is-style-fill\"><a class=\"wp-block-button__link has-text-color has-background wp-element-button\" href=\"mailto:jobs@mojo-agency.org\" style=\"color:#1c6ecf;background-color:#fec5d4\" target=\"_blank\" rel=\"noreferrer noopener\">Postule ici<\/a><\/div>\n<\/div>\n","protected":false},"excerpt":{"rendered":"<p>STAGE &#8211; EDITORIAL &amp; DIGITAL DESIGN Int\u00e9ress\u00e9.e ? Stage : Envoies-nous ta candidature \u00e0 jobs@mojo-agency.org &amp; thomas.h@mojo-agency.org, olga.b@mojo-agency.org<\/p>\n","protected":false},"author":2,"featured_media":1126,"parent":0,"menu_order":0,"comment_status":"closed","ping_status":"closed","template":"","meta":{"_acf_changed":false,"inline_featured_image":false,"footnotes":""},"class_list":["post-3799","page","type-page","status-publish","has-post-thumbnail","hentry"],"acf":[],"yoast_head":"<title>Recrutement - MOJO Agency<\/title>\n<meta name=\"description\" content=\"Nous recrutons chez MOJO Agency ! D\u00e9couvrez en plus sur le poste qui vient de s&#039;ouvrir ainsi que les comp\u00e9tences recherch\u00e9es.\" \/>\n<meta name=\"robots\" content=\"index, follow, max-snippet:-1, max-image-preview:large, max-video-preview:-1\" \/>\n<link rel=\"canonical\" href=\"https:\/\/mojo-agency.org\/fr\/recrutement\/\" \/>\n<meta property=\"og:locale\" content=\"fr_FR\" \/>\n<meta property=\"og:type\" content=\"article\" \/>\n<meta property=\"og:title\" content=\"Recrutement - MOJO Agency\" \/>\n<meta property=\"og:description\" content=\"Nous recrutons chez MOJO Agency ! D\u00e9couvrez en plus sur le poste qui vient de s&#039;ouvrir ainsi que les comp\u00e9tences recherch\u00e9es.\" \/>\n<meta property=\"og:url\" content=\"https:\/\/mojo-agency.org\/fr\/recrutement\/\" \/>\n<meta property=\"og:site_name\" content=\"MOJO Agency\" \/>\n<meta property=\"article:publisher\" content=\"https:\/\/www.facebook.com\/AgencyMojo\" \/>\n<meta property=\"article:modified_time\" content=\"2026-01-28T16:57:55+00:00\" \/>\n<meta property=\"og:image\" content=\"https:\/\/mojo-agency.org\/wp-content\/uploads\/2021\/10\/logo-mojo.jpg\" \/>\n\t<meta property=\"og:image:width\" content=\"1080\" \/>\n\t<meta property=\"og:image:height\" content=\"1080\" \/>\n\t<meta property=\"og:image:type\" content=\"image\/jpeg\" \/>\n<meta name=\"twitter:card\" content=\"summary_large_image\" \/>\n<meta name=\"twitter:site\" content=\"@mojoagency_\" \/>\n<meta name=\"twitter:label1\" content=\"Dur\u00e9e de lecture estim\u00e9e\" \/>\n\t<meta name=\"twitter:data1\" content=\"3 minutes\" \/>\n<script type=\"application\/ld+json\" class=\"yoast-schema-graph\">{\"@context\":\"https:\\\/\\\/schema.org\",\"@graph\":[{\"@type\":\"WebPage\",\"@id\":\"https:\\\/\\\/mojo-agency.org\\\/fr\\\/recrutement\\\/\",\"url\":\"https:\\\/\\\/mojo-agency.org\\\/fr\\\/recrutement\\\/\",\"name\":\"Recrutement - MOJO Agency\",\"isPartOf\":{\"@id\":\"https:\\\/\\\/mojo-agency.org\\\/fr\\\/#website\"},\"primaryImageOfPage\":{\"@id\":\"https:\\\/\\\/mojo-agency.org\\\/fr\\\/recrutement\\\/#primaryimage\"},\"image\":{\"@id\":\"https:\\\/\\\/mojo-agency.org\\\/fr\\\/recrutement\\\/#primaryimage\"},\"thumbnailUrl\":\"https:\\\/\\\/mojo-agency.org\\\/wp-content\\\/uploads\\\/2021\\\/10\\\/logo-mojo.jpg\",\"datePublished\":\"2023-02-08T11:11:02+00:00\",\"dateModified\":\"2026-01-28T16:57:55+00:00\",\"description\":\"Nous recrutons chez MOJO Agency ! D\u00e9couvrez en plus sur le poste qui vient de s'ouvrir ainsi que les comp\u00e9tences recherch\u00e9es.\",\"breadcrumb\":{\"@id\":\"https:\\\/\\\/mojo-agency.org\\\/fr\\\/recrutement\\\/#breadcrumb\"},\"inLanguage\":\"fr-FR\",\"potentialAction\":[{\"@type\":\"ReadAction\",\"target\":[\"https:\\\/\\\/mojo-agency.org\\\/fr\\\/recrutement\\\/\"]}]},{\"@type\":\"ImageObject\",\"inLanguage\":\"fr-FR\",\"@id\":\"https:\\\/\\\/mojo-agency.org\\\/fr\\\/recrutement\\\/#primaryimage\",\"url\":\"https:\\\/\\\/mojo-agency.org\\\/wp-content\\\/uploads\\\/2021\\\/10\\\/logo-mojo.jpg\",\"contentUrl\":\"https:\\\/\\\/mojo-agency.org\\\/wp-content\\\/uploads\\\/2021\\\/10\\\/logo-mojo.jpg\",\"width\":1080,\"height\":1080},{\"@type\":\"BreadcrumbList\",\"@id\":\"https:\\\/\\\/mojo-agency.org\\\/fr\\\/recrutement\\\/#breadcrumb\",\"itemListElement\":[{\"@type\":\"ListItem\",\"position\":1,\"name\":\"Home\",\"item\":\"https:\\\/\\\/mojo-agency.org\\\/fr\\\/\"},{\"@type\":\"ListItem\",\"position\":2,\"name\":\"Recrutement\"}]},{\"@type\":\"WebSite\",\"@id\":\"https:\\\/\\\/mojo-agency.org\\\/fr\\\/#website\",\"url\":\"https:\\\/\\\/mojo-agency.org\\\/fr\\\/\",\"name\":\"MOJO Agency\",\"description\":\"\",\"publisher\":{\"@id\":\"https:\\\/\\\/mojo-agency.org\\\/fr\\\/#organization\"},\"potentialAction\":[{\"@type\":\"SearchAction\",\"target\":{\"@type\":\"EntryPoint\",\"urlTemplate\":\"https:\\\/\\\/mojo-agency.org\\\/fr\\\/?s={search_term_string}\"},\"query-input\":{\"@type\":\"PropertyValueSpecification\",\"valueRequired\":true,\"valueName\":\"search_term_string\"}}],\"inLanguage\":\"fr-FR\"},{\"@type\":\"Organization\",\"@id\":\"https:\\\/\\\/mojo-agency.org\\\/fr\\\/#organization\",\"name\":\"MOJO Agency\",\"url\":\"https:\\\/\\\/mojo-agency.org\\\/fr\\\/\",\"logo\":{\"@type\":\"ImageObject\",\"inLanguage\":\"fr-FR\",\"@id\":\"https:\\\/\\\/mojo-agency.org\\\/fr\\\/#\\\/schema\\\/logo\\\/image\\\/\",\"url\":\"https:\\\/\\\/mojo-agency.org\\\/wp-content\\\/uploads\\\/2024\\\/02\\\/MOJO_AGENCY.png\",\"contentUrl\":\"https:\\\/\\\/mojo-agency.org\\\/wp-content\\\/uploads\\\/2024\\\/02\\\/MOJO_AGENCY.png\",\"width\":1080,\"height\":1080,\"caption\":\"MOJO Agency\"},\"image\":{\"@id\":\"https:\\\/\\\/mojo-agency.org\\\/fr\\\/#\\\/schema\\\/logo\\\/image\\\/\"},\"sameAs\":[\"https:\\\/\\\/www.facebook.com\\\/AgencyMojo\",\"https:\\\/\\\/x.com\\\/mojoagency_\",\"https:\\\/\\\/www.instagram.com\\\/mojoagency_\\\/\",\"https:\\\/\\\/www.youtube.com\\\/channel\\\/UCnh-i1u7JTuFl1ab5QoSRUA\",\"https:\\\/\\\/be.linkedin.com\\\/company\\\/mojo-agency\"]}]}<\/script>","yoast_head_json":{"title":"Recrutement - MOJO Agency","description":"Nous recrutons chez MOJO Agency ! D\u00e9couvrez en plus sur le poste qui vient de s'ouvrir ainsi que les comp\u00e9tences recherch\u00e9es.","robots":{"index":"index","follow":"follow","max-snippet":"max-snippet:-1","max-image-preview":"max-image-preview:large","max-video-preview":"max-video-preview:-1"},"canonical":"https:\/\/mojo-agency.org\/fr\/recrutement\/","og_locale":"fr_FR","og_type":"article","og_title":"Recrutement - MOJO Agency","og_description":"Nous recrutons chez MOJO Agency ! D\u00e9couvrez en plus sur le poste qui vient de s'ouvrir ainsi que les comp\u00e9tences recherch\u00e9es.","og_url":"https:\/\/mojo-agency.org\/fr\/recrutement\/","og_site_name":"MOJO Agency","article_publisher":"https:\/\/www.facebook.com\/AgencyMojo","article_modified_time":"2026-01-28T16:57:55+00:00","og_image":[{"width":1080,"height":1080,"url":"https:\/\/mojo-agency.org\/wp-content\/uploads\/2021\/10\/logo-mojo.jpg","type":"image\/jpeg"}],"twitter_card":"summary_large_image","twitter_site":"@mojoagency_","twitter_misc":{"Dur\u00e9e de lecture estim\u00e9e":"3 minutes"},"schema":{"@context":"https:\/\/schema.org","@graph":[{"@type":"WebPage","@id":"https:\/\/mojo-agency.org\/fr\/recrutement\/","url":"https:\/\/mojo-agency.org\/fr\/recrutement\/","name":"Recrutement - MOJO Agency","isPartOf":{"@id":"https:\/\/mojo-agency.org\/fr\/#website"},"primaryImageOfPage":{"@id":"https:\/\/mojo-agency.org\/fr\/recrutement\/#primaryimage"},"image":{"@id":"https:\/\/mojo-agency.org\/fr\/recrutement\/#primaryimage"},"thumbnailUrl":"https:\/\/mojo-agency.org\/wp-content\/uploads\/2021\/10\/logo-mojo.jpg","datePublished":"2023-02-08T11:11:02+00:00","dateModified":"2026-01-28T16:57:55+00:00","description":"Nous recrutons chez MOJO Agency ! D\u00e9couvrez en plus sur le poste qui vient de s'ouvrir ainsi que les comp\u00e9tences recherch\u00e9es.","breadcrumb":{"@id":"https:\/\/mojo-agency.org\/fr\/recrutement\/#breadcrumb"},"inLanguage":"fr-FR","potentialAction":[{"@type":"ReadAction","target":["https:\/\/mojo-agency.org\/fr\/recrutement\/"]}]},{"@type":"ImageObject","inLanguage":"fr-FR","@id":"https:\/\/mojo-agency.org\/fr\/recrutement\/#primaryimage","url":"https:\/\/mojo-agency.org\/wp-content\/uploads\/2021\/10\/logo-mojo.jpg","contentUrl":"https:\/\/mojo-agency.org\/wp-content\/uploads\/2021\/10\/logo-mojo.jpg","width":1080,"height":1080},{"@type":"BreadcrumbList","@id":"https:\/\/mojo-agency.org\/fr\/recrutement\/#breadcrumb","itemListElement":[{"@type":"ListItem","position":1,"name":"Home","item":"https:\/\/mojo-agency.org\/fr\/"},{"@type":"ListItem","position":2,"name":"Recrutement"}]},{"@type":"WebSite","@id":"https:\/\/mojo-agency.org\/fr\/#website","url":"https:\/\/mojo-agency.org\/fr\/","name":"MOJO Agency","description":"","publisher":{"@id":"https:\/\/mojo-agency.org\/fr\/#organization"},"potentialAction":[{"@type":"SearchAction","target":{"@type":"EntryPoint","urlTemplate":"https:\/\/mojo-agency.org\/fr\/?s={search_term_string}"},"query-input":{"@type":"PropertyValueSpecification","valueRequired":true,"valueName":"search_term_string"}}],"inLanguage":"fr-FR"},{"@type":"Organization","@id":"https:\/\/mojo-agency.org\/fr\/#organization","name":"MOJO Agency","url":"https:\/\/mojo-agency.org\/fr\/","logo":{"@type":"ImageObject","inLanguage":"fr-FR","@id":"https:\/\/mojo-agency.org\/fr\/#\/schema\/logo\/image\/","url":"https:\/\/mojo-agency.org\/wp-content\/uploads\/2024\/02\/MOJO_AGENCY.png","contentUrl":"https:\/\/mojo-agency.org\/wp-content\/uploads\/2024\/02\/MOJO_AGENCY.png","width":1080,"height":1080,"caption":"MOJO Agency"},"image":{"@id":"https:\/\/mojo-agency.org\/fr\/#\/schema\/logo\/image\/"},"sameAs":["https:\/\/www.facebook.com\/AgencyMojo","https:\/\/x.com\/mojoagency_","https:\/\/www.instagram.com\/mojoagency_\/","https:\/\/www.youtube.com\/channel\/UCnh-i1u7JTuFl1ab5QoSRUA","https:\/\/be.linkedin.com\/company\/mojo-agency"]}]}},"_links":{"self":[{"href":"https:\/\/mojo-agency.org\/fr\/wp-json\/wp\/v2\/pages\/3799","targetHints":{"allow":["GET"]}}],"collection":[{"href":"https:\/\/mojo-agency.org\/fr\/wp-json\/wp\/v2\/pages"}],"about":[{"href":"https:\/\/mojo-agency.org\/fr\/wp-json\/wp\/v2\/types\/page"}],"author":[{"embeddable":true,"href":"https:\/\/mojo-agency.org\/fr\/wp-json\/wp\/v2\/users\/2"}],"replies":[{"embeddable":true,"href":"https:\/\/mojo-agency.org\/fr\/wp-json\/wp\/v2\/comments?post=3799"}],"version-history":[{"count":4,"href":"https:\/\/mojo-agency.org\/fr\/wp-json\/wp\/v2\/pages\/3799\/revisions"}],"predecessor-version":[{"id":9651,"href":"https:\/\/mojo-agency.org\/fr\/wp-json\/wp\/v2\/pages\/3799\/revisions\/9651"}],"wp:featuredmedia":[{"embeddable":true,"href":"https:\/\/mojo-agency.org\/fr\/wp-json\/wp\/v2\/media\/1126"}],"wp:attachment":[{"href":"https:\/\/mojo-agency.org\/fr\/wp-json\/wp\/v2\/media?parent=3799"}],"curies":[{"name":"wp","href":"https:\/\/api.w.org\/{rel}","templated":true}]}}