{"id":351,"date":"2021-09-07T11:19:41","date_gmt":"2021-09-07T09:19:41","guid":{"rendered":"https:\/\/mojo-agency.org\/dev\/?page_id=351"},"modified":"2024-03-26T09:24:13","modified_gmt":"2024-03-26T08:24:13","slug":"a-propos","status":"publish","type":"page","link":"https:\/\/mojo-agency.org\/fr\/a-propos\/","title":{"rendered":"\u00c0 propos"},"content":{"rendered":"\n<p>Convaincus que la communication peut \u00eatre un puissant vecteur de changement soci\u00e9tal, notre \u00e9quipe d&rsquo;experts allie strat\u00e9gie, cr\u00e9ativit\u00e9 et technologie pour accompagner les organisations d\u00e9termin\u00e9es \u00e0 faire la diff\u00e9rence.<\/p>\n\n\n\n<p>Notre mission ? susciter l\u2019engagement, inspirer l\u2019action et participer \u00e0 l&rsquo;\u00e9criture d&rsquo;un nouvel imaginaire, respectueux de l\u2019Humain et de la nature.<\/p>\n","protected":false},"excerpt":{"rendered":"<p>Convaincus que la communication peut \u00eatre un puissant vecteur de changement soci\u00e9tal, notre \u00e9quipe d&rsquo;experts allie strat\u00e9gie, cr\u00e9ativit\u00e9 et technologie pour accompagner les organisations d\u00e9termin\u00e9es \u00e0 faire la diff\u00e9rence. Notre mission ? susciter l\u2019engagement, inspirer l\u2019action et participer \u00e0 l&rsquo;\u00e9criture d&rsquo;un nouvel imaginaire, respectueux de l\u2019Humain et de la nature.<\/p>\n","protected":false},"author":2,"featured_media":0,"parent":0,"menu_order":0,"comment_status":"closed","ping_status":"closed","template":"template-about.php","meta":{"_acf_changed":false,"inline_featured_image":false,"footnotes":""},"class_list":["post-351","page","type-page","status-publish","hentry"],"acf":[],"yoast_head":"<title>\u00c0 propos - MOJO Agency<\/title>\n<meta name=\"description\" content=\"MOJO Agency est une agence engag\u00e9e, d\u00e9sireuse d&#039;aider les acteurs du d\u00e9veloppement durable et de la transition \u00e9cologique et sociale.\" \/>\n<meta name=\"robots\" content=\"index, follow, max-snippet:-1, max-image-preview:large, max-video-preview:-1\" \/>\n<link rel=\"canonical\" href=\"https:\/\/mojo-agency.org\/fr\/a-propos\/\" \/>\n<meta property=\"og:locale\" content=\"fr_FR\" \/>\n<meta property=\"og:type\" content=\"article\" \/>\n<meta property=\"og:title\" content=\"\u00c0 propos - MOJO Agency\" \/>\n<meta property=\"og:description\" content=\"MOJO Agency est une agence engag\u00e9e, d\u00e9sireuse d&#039;aider les acteurs du d\u00e9veloppement durable et de la transition \u00e9cologique et sociale.\" \/>\n<meta property=\"og:url\" content=\"https:\/\/mojo-agency.org\/fr\/a-propos\/\" \/>\n<meta property=\"og:site_name\" content=\"MOJO Agency\" \/>\n<meta property=\"article:publisher\" content=\"https:\/\/www.facebook.com\/AgencyMojo\" \/>\n<meta property=\"article:modified_time\" content=\"2024-03-26T08:24:13+00:00\" \/>\n<meta name=\"twitter:card\" content=\"summary_large_image\" \/>\n<meta name=\"twitter:site\" content=\"@mojoagency_\" \/>\n<meta name=\"twitter:label1\" content=\"Dur\u00e9e de lecture estim\u00e9e\" \/>\n\t<meta name=\"twitter:data1\" content=\"1 minute\" \/>\n<script type=\"application\/ld+json\" class=\"yoast-schema-graph\">{\"@context\":\"https:\\\/\\\/schema.org\",\"@graph\":[{\"@type\":\"WebPage\",\"@id\":\"https:\\\/\\\/mojo-agency.org\\\/fr\\\/a-propos\\\/\",\"url\":\"https:\\\/\\\/mojo-agency.org\\\/fr\\\/a-propos\\\/\",\"name\":\"\u00c0 propos - MOJO Agency\",\"isPartOf\":{\"@id\":\"https:\\\/\\\/mojo-agency.org\\\/fr\\\/#website\"},\"datePublished\":\"2021-09-07T09:19:41+00:00\",\"dateModified\":\"2024-03-26T08:24:13+00:00\",\"description\":\"MOJO Agency est une agence engag\u00e9e, d\u00e9sireuse d'aider les acteurs du d\u00e9veloppement durable et de la transition \u00e9cologique et sociale.\",\"breadcrumb\":{\"@id\":\"https:\\\/\\\/mojo-agency.org\\\/fr\\\/a-propos\\\/#breadcrumb\"},\"inLanguage\":\"fr-FR\",\"potentialAction\":[{\"@type\":\"ReadAction\",\"target\":[\"https:\\\/\\\/mojo-agency.org\\\/fr\\\/a-propos\\\/\"]}]},{\"@type\":\"BreadcrumbList\",\"@id\":\"https:\\\/\\\/mojo-agency.org\\\/fr\\\/a-propos\\\/#breadcrumb\",\"itemListElement\":[{\"@type\":\"ListItem\",\"position\":1,\"name\":\"Home\",\"item\":\"https:\\\/\\\/mojo-agency.org\\\/fr\\\/\"},{\"@type\":\"ListItem\",\"position\":2,\"name\":\"\u00c0 propos\"}]},{\"@type\":\"WebSite\",\"@id\":\"https:\\\/\\\/mojo-agency.org\\\/fr\\\/#website\",\"url\":\"https:\\\/\\\/mojo-agency.org\\\/fr\\\/\",\"name\":\"MOJO Agency\",\"description\":\"\",\"publisher\":{\"@id\":\"https:\\\/\\\/mojo-agency.org\\\/fr\\\/#organization\"},\"potentialAction\":[{\"@type\":\"SearchAction\",\"target\":{\"@type\":\"EntryPoint\",\"urlTemplate\":\"https:\\\/\\\/mojo-agency.org\\\/fr\\\/?s={search_term_string}\"},\"query-input\":{\"@type\":\"PropertyValueSpecification\",\"valueRequired\":true,\"valueName\":\"search_term_string\"}}],\"inLanguage\":\"fr-FR\"},{\"@type\":\"Organization\",\"@id\":\"https:\\\/\\\/mojo-agency.org\\\/fr\\\/#organization\",\"name\":\"MOJO Agency\",\"url\":\"https:\\\/\\\/mojo-agency.org\\\/fr\\\/\",\"logo\":{\"@type\":\"ImageObject\",\"inLanguage\":\"fr-FR\",\"@id\":\"https:\\\/\\\/mojo-agency.org\\\/fr\\\/#\\\/schema\\\/logo\\\/image\\\/\",\"url\":\"https:\\\/\\\/mojo-agency.org\\\/wp-content\\\/uploads\\\/2024\\\/02\\\/MOJO_AGENCY.png\",\"contentUrl\":\"https:\\\/\\\/mojo-agency.org\\\/wp-content\\\/uploads\\\/2024\\\/02\\\/MOJO_AGENCY.png\",\"width\":1080,\"height\":1080,\"caption\":\"MOJO Agency\"},\"image\":{\"@id\":\"https:\\\/\\\/mojo-agency.org\\\/fr\\\/#\\\/schema\\\/logo\\\/image\\\/\"},\"sameAs\":[\"https:\\\/\\\/www.facebook.com\\\/AgencyMojo\",\"https:\\\/\\\/x.com\\\/mojoagency_\",\"https:\\\/\\\/www.instagram.com\\\/mojoagency_\\\/\",\"https:\\\/\\\/www.youtube.com\\\/channel\\\/UCnh-i1u7JTuFl1ab5QoSRUA\",\"https:\\\/\\\/be.linkedin.com\\\/company\\\/mojo-agency\"]}]}<\/script>","yoast_head_json":{"title":"\u00c0 propos - MOJO Agency","description":"MOJO Agency est une agence engag\u00e9e, d\u00e9sireuse d'aider les acteurs du d\u00e9veloppement durable et de la transition \u00e9cologique et sociale.","robots":{"index":"index","follow":"follow","max-snippet":"max-snippet:-1","max-image-preview":"max-image-preview:large","max-video-preview":"max-video-preview:-1"},"canonical":"https:\/\/mojo-agency.org\/fr\/a-propos\/","og_locale":"fr_FR","og_type":"article","og_title":"\u00c0 propos - MOJO Agency","og_description":"MOJO Agency est une agence engag\u00e9e, d\u00e9sireuse d'aider les acteurs du d\u00e9veloppement durable et de la transition \u00e9cologique et sociale.","og_url":"https:\/\/mojo-agency.org\/fr\/a-propos\/","og_site_name":"MOJO Agency","article_publisher":"https:\/\/www.facebook.com\/AgencyMojo","article_modified_time":"2024-03-26T08:24:13+00:00","twitter_card":"summary_large_image","twitter_site":"@mojoagency_","twitter_misc":{"Dur\u00e9e de lecture estim\u00e9e":"1 minute"},"schema":{"@context":"https:\/\/schema.org","@graph":[{"@type":"WebPage","@id":"https:\/\/mojo-agency.org\/fr\/a-propos\/","url":"https:\/\/mojo-agency.org\/fr\/a-propos\/","name":"\u00c0 propos - MOJO Agency","isPartOf":{"@id":"https:\/\/mojo-agency.org\/fr\/#website"},"datePublished":"2021-09-07T09:19:41+00:00","dateModified":"2024-03-26T08:24:13+00:00","description":"MOJO Agency est une agence engag\u00e9e, d\u00e9sireuse d'aider les acteurs du d\u00e9veloppement durable et de la transition \u00e9cologique et sociale.","breadcrumb":{"@id":"https:\/\/mojo-agency.org\/fr\/a-propos\/#breadcrumb"},"inLanguage":"fr-FR","potentialAction":[{"@type":"ReadAction","target":["https:\/\/mojo-agency.org\/fr\/a-propos\/"]}]},{"@type":"BreadcrumbList","@id":"https:\/\/mojo-agency.org\/fr\/a-propos\/#breadcrumb","itemListElement":[{"@type":"ListItem","position":1,"name":"Home","item":"https:\/\/mojo-agency.org\/fr\/"},{"@type":"ListItem","position":2,"name":"\u00c0 propos"}]},{"@type":"WebSite","@id":"https:\/\/mojo-agency.org\/fr\/#website","url":"https:\/\/mojo-agency.org\/fr\/","name":"MOJO Agency","description":"","publisher":{"@id":"https:\/\/mojo-agency.org\/fr\/#organization"},"potentialAction":[{"@type":"SearchAction","target":{"@type":"EntryPoint","urlTemplate":"https:\/\/mojo-agency.org\/fr\/?s={search_term_string}"},"query-input":{"@type":"PropertyValueSpecification","valueRequired":true,"valueName":"search_term_string"}}],"inLanguage":"fr-FR"},{"@type":"Organization","@id":"https:\/\/mojo-agency.org\/fr\/#organization","name":"MOJO Agency","url":"https:\/\/mojo-agency.org\/fr\/","logo":{"@type":"ImageObject","inLanguage":"fr-FR","@id":"https:\/\/mojo-agency.org\/fr\/#\/schema\/logo\/image\/","url":"https:\/\/mojo-agency.org\/wp-content\/uploads\/2024\/02\/MOJO_AGENCY.png","contentUrl":"https:\/\/mojo-agency.org\/wp-content\/uploads\/2024\/02\/MOJO_AGENCY.png","width":1080,"height":1080,"caption":"MOJO Agency"},"image":{"@id":"https:\/\/mojo-agency.org\/fr\/#\/schema\/logo\/image\/"},"sameAs":["https:\/\/www.facebook.com\/AgencyMojo","https:\/\/x.com\/mojoagency_","https:\/\/www.instagram.com\/mojoagency_\/","https:\/\/www.youtube.com\/channel\/UCnh-i1u7JTuFl1ab5QoSRUA","https:\/\/be.linkedin.com\/company\/mojo-agency"]}]}},"_links":{"self":[{"href":"https:\/\/mojo-agency.org\/fr\/wp-json\/wp\/v2\/pages\/351","targetHints":{"allow":["GET"]}}],"collection":[{"href":"https:\/\/mojo-agency.org\/fr\/wp-json\/wp\/v2\/pages"}],"about":[{"href":"https:\/\/mojo-agency.org\/fr\/wp-json\/wp\/v2\/types\/page"}],"author":[{"embeddable":true,"href":"https:\/\/mojo-agency.org\/fr\/wp-json\/wp\/v2\/users\/2"}],"replies":[{"embeddable":true,"href":"https:\/\/mojo-agency.org\/fr\/wp-json\/wp\/v2\/comments?post=351"}],"version-history":[{"count":2,"href":"https:\/\/mojo-agency.org\/fr\/wp-json\/wp\/v2\/pages\/351\/revisions"}],"predecessor-version":[{"id":8097,"href":"https:\/\/mojo-agency.org\/fr\/wp-json\/wp\/v2\/pages\/351\/revisions\/8097"}],"wp:attachment":[{"href":"https:\/\/mojo-agency.org\/fr\/wp-json\/wp\/v2\/media?parent=351"}],"curies":[{"name":"wp","href":"https:\/\/api.w.org\/{rel}","templated":true}]}}