{"id":349,"date":"2021-09-07T11:16:34","date_gmt":"2021-09-07T09:16:34","guid":{"rendered":"https:\/\/mojo-agency.org\/dev\/?page_id=349"},"modified":"2026-02-04T15:32:08","modified_gmt":"2026-02-04T14:32:08","slug":"agence-de-communication","status":"publish","type":"page","link":"https:\/\/mojo-agency.org\/fr\/","title":{"rendered":"Page d&rsquo;accueil"},"content":{"rendered":"\n<p>R\u00e9solument optimistes et ambitieux, nous mettons en valeur les initiatives des acteurs du changement par une communication positive et lumineuse.&nbsp;<\/p>\n","protected":false},"excerpt":{"rendered":"<p>R\u00e9solument optimistes et ambitieux, nous mettons en valeur les initiatives des acteurs du changement par une communication positive et lumineuse.&nbsp;<\/p>\n","protected":false},"author":2,"featured_media":7074,"parent":0,"menu_order":0,"comment_status":"closed","ping_status":"closed","template":"","meta":{"_acf_changed":false,"inline_featured_image":false,"footnotes":""},"class_list":["post-349","page","type-page","status-publish","has-post-thumbnail","hentry"],"acf":[],"yoast_head":"<title>MOJO Agency | Agence de communication responsable \u00e0 Bruxelles<\/title>\n<meta name=\"description\" content=\"MOJO Agency est une agence de communication d\u00e9di\u00e9e aux ONG, aux fondations, aux entreprises sociales et aux organisations \u00e0 impact.\" \/>\n<meta name=\"robots\" content=\"index, follow, max-snippet:-1, max-image-preview:large, max-video-preview:-1\" \/>\n<link rel=\"canonical\" href=\"https:\/\/mojo-agency.org\/fr\/\" \/>\n<meta property=\"og:locale\" content=\"fr_FR\" \/>\n<meta property=\"og:type\" content=\"article\" \/>\n<meta property=\"og:title\" content=\"MOJO Agency | Agence de communication responsable \u00e0 Bruxelles\" \/>\n<meta property=\"og:description\" content=\"MOJO Agency est une agence de communication d\u00e9di\u00e9e aux ONG, aux fondations, aux entreprises sociales et aux organisations \u00e0 impact.\" \/>\n<meta property=\"og:url\" content=\"https:\/\/mojo-agency.org\/fr\/\" \/>\n<meta property=\"og:site_name\" content=\"MOJO Agency\" \/>\n<meta property=\"article:publisher\" content=\"https:\/\/www.facebook.com\/AgencyMojo\" \/>\n<meta property=\"article:modified_time\" content=\"2026-02-04T14:32:08+00:00\" \/>\n<meta property=\"og:image\" content=\"https:\/\/mojo-agency.org\/wp-content\/uploads\/2024\/02\/MOJO_AGENCY.png\" \/>\n\t<meta property=\"og:image:width\" content=\"1080\" \/>\n\t<meta property=\"og:image:height\" content=\"1080\" \/>\n\t<meta property=\"og:image:type\" content=\"image\/png\" \/>\n<meta name=\"twitter:card\" content=\"summary_large_image\" \/>\n<meta name=\"twitter:site\" content=\"@mojoagency_\" \/>\n<meta name=\"twitter:label1\" content=\"Dur\u00e9e de lecture estim\u00e9e\" \/>\n\t<meta name=\"twitter:data1\" content=\"5 minutes\" \/>\n<script type=\"application\/ld+json\" class=\"yoast-schema-graph\">{\"@context\":\"https:\\\/\\\/schema.org\",\"@graph\":[{\"@type\":\"WebPage\",\"@id\":\"https:\\\/\\\/mojo-agency.org\\\/fr\\\/\",\"url\":\"https:\\\/\\\/mojo-agency.org\\\/fr\\\/\",\"name\":\"MOJO Agency | Agence de communication responsable \u00e0 Bruxelles\",\"isPartOf\":{\"@id\":\"https:\\\/\\\/mojo-agency.org\\\/fr\\\/#website\"},\"primaryImageOfPage\":{\"@id\":\"https:\\\/\\\/mojo-agency.org\\\/fr\\\/#primaryimage\"},\"image\":{\"@id\":\"https:\\\/\\\/mojo-agency.org\\\/fr\\\/#primaryimage\"},\"thumbnailUrl\":\"https:\\\/\\\/mojo-agency.org\\\/wp-content\\\/uploads\\\/2024\\\/02\\\/MOJO_AGENCY.png\",\"datePublished\":\"2021-09-07T09:16:34+00:00\",\"dateModified\":\"2026-02-04T14:32:08+00:00\",\"description\":\"MOJO Agency est une agence de communication d\u00e9di\u00e9e aux ONG, aux fondations, aux entreprises sociales et aux organisations \u00e0 impact.\",\"breadcrumb\":{\"@id\":\"https:\\\/\\\/mojo-agency.org\\\/fr\\\/#breadcrumb\"},\"inLanguage\":\"fr-FR\",\"potentialAction\":[{\"@type\":\"ReadAction\",\"target\":[\"https:\\\/\\\/mojo-agency.org\\\/fr\\\/\"]}]},{\"@type\":\"ImageObject\",\"inLanguage\":\"fr-FR\",\"@id\":\"https:\\\/\\\/mojo-agency.org\\\/fr\\\/#primaryimage\",\"url\":\"https:\\\/\\\/mojo-agency.org\\\/wp-content\\\/uploads\\\/2024\\\/02\\\/MOJO_AGENCY.png\",\"contentUrl\":\"https:\\\/\\\/mojo-agency.org\\\/wp-content\\\/uploads\\\/2024\\\/02\\\/MOJO_AGENCY.png\",\"width\":1080,\"height\":1080,\"caption\":\"MOJO Agency Logo\"},{\"@type\":\"BreadcrumbList\",\"@id\":\"https:\\\/\\\/mojo-agency.org\\\/fr\\\/#breadcrumb\",\"itemListElement\":[{\"@type\":\"ListItem\",\"position\":1,\"name\":\"Home\",\"item\":\"https:\\\/\\\/mojo-agency.org\\\/fr\\\/\"},{\"@type\":\"ListItem\",\"position\":2,\"name\":\"Page d&#8217;accueil\"}]},{\"@type\":\"WebSite\",\"@id\":\"https:\\\/\\\/mojo-agency.org\\\/fr\\\/#website\",\"url\":\"https:\\\/\\\/mojo-agency.org\\\/fr\\\/\",\"name\":\"MOJO Agency\",\"description\":\"\",\"publisher\":{\"@id\":\"https:\\\/\\\/mojo-agency.org\\\/fr\\\/#organization\"},\"potentialAction\":[{\"@type\":\"SearchAction\",\"target\":{\"@type\":\"EntryPoint\",\"urlTemplate\":\"https:\\\/\\\/mojo-agency.org\\\/fr\\\/?s={search_term_string}\"},\"query-input\":{\"@type\":\"PropertyValueSpecification\",\"valueRequired\":true,\"valueName\":\"search_term_string\"}}],\"inLanguage\":\"fr-FR\"},{\"@type\":\"Organization\",\"@id\":\"https:\\\/\\\/mojo-agency.org\\\/fr\\\/#organization\",\"name\":\"MOJO Agency\",\"url\":\"https:\\\/\\\/mojo-agency.org\\\/fr\\\/\",\"logo\":{\"@type\":\"ImageObject\",\"inLanguage\":\"fr-FR\",\"@id\":\"https:\\\/\\\/mojo-agency.org\\\/fr\\\/#\\\/schema\\\/logo\\\/image\\\/\",\"url\":\"https:\\\/\\\/mojo-agency.org\\\/wp-content\\\/uploads\\\/2024\\\/02\\\/MOJO_AGENCY.png\",\"contentUrl\":\"https:\\\/\\\/mojo-agency.org\\\/wp-content\\\/uploads\\\/2024\\\/02\\\/MOJO_AGENCY.png\",\"width\":1080,\"height\":1080,\"caption\":\"MOJO Agency\"},\"image\":{\"@id\":\"https:\\\/\\\/mojo-agency.org\\\/fr\\\/#\\\/schema\\\/logo\\\/image\\\/\"},\"sameAs\":[\"https:\\\/\\\/www.facebook.com\\\/AgencyMojo\",\"https:\\\/\\\/x.com\\\/mojoagency_\",\"https:\\\/\\\/www.instagram.com\\\/mojoagency_\\\/\",\"https:\\\/\\\/www.youtube.com\\\/channel\\\/UCnh-i1u7JTuFl1ab5QoSRUA\",\"https:\\\/\\\/be.linkedin.com\\\/company\\\/mojo-agency\"]}]}<\/script>","yoast_head_json":{"title":"MOJO Agency | Agence de communication responsable \u00e0 Bruxelles","description":"MOJO Agency est une agence de communication d\u00e9di\u00e9e aux ONG, aux fondations, aux entreprises sociales et aux organisations \u00e0 impact.","robots":{"index":"index","follow":"follow","max-snippet":"max-snippet:-1","max-image-preview":"max-image-preview:large","max-video-preview":"max-video-preview:-1"},"canonical":"https:\/\/mojo-agency.org\/fr\/","og_locale":"fr_FR","og_type":"article","og_title":"MOJO Agency | Agence de communication responsable \u00e0 Bruxelles","og_description":"MOJO Agency est une agence de communication d\u00e9di\u00e9e aux ONG, aux fondations, aux entreprises sociales et aux organisations \u00e0 impact.","og_url":"https:\/\/mojo-agency.org\/fr\/","og_site_name":"MOJO Agency","article_publisher":"https:\/\/www.facebook.com\/AgencyMojo","article_modified_time":"2026-02-04T14:32:08+00:00","og_image":[{"width":1080,"height":1080,"url":"https:\/\/mojo-agency.org\/wp-content\/uploads\/2024\/02\/MOJO_AGENCY.png","type":"image\/png"}],"twitter_card":"summary_large_image","twitter_site":"@mojoagency_","twitter_misc":{"Dur\u00e9e de lecture estim\u00e9e":"5 minutes"},"schema":{"@context":"https:\/\/schema.org","@graph":[{"@type":"WebPage","@id":"https:\/\/mojo-agency.org\/fr\/","url":"https:\/\/mojo-agency.org\/fr\/","name":"MOJO Agency | Agence de communication responsable \u00e0 Bruxelles","isPartOf":{"@id":"https:\/\/mojo-agency.org\/fr\/#website"},"primaryImageOfPage":{"@id":"https:\/\/mojo-agency.org\/fr\/#primaryimage"},"image":{"@id":"https:\/\/mojo-agency.org\/fr\/#primaryimage"},"thumbnailUrl":"https:\/\/mojo-agency.org\/wp-content\/uploads\/2024\/02\/MOJO_AGENCY.png","datePublished":"2021-09-07T09:16:34+00:00","dateModified":"2026-02-04T14:32:08+00:00","description":"MOJO Agency est une agence de communication d\u00e9di\u00e9e aux ONG, aux fondations, aux entreprises sociales et aux organisations \u00e0 impact.","breadcrumb":{"@id":"https:\/\/mojo-agency.org\/fr\/#breadcrumb"},"inLanguage":"fr-FR","potentialAction":[{"@type":"ReadAction","target":["https:\/\/mojo-agency.org\/fr\/"]}]},{"@type":"ImageObject","inLanguage":"fr-FR","@id":"https:\/\/mojo-agency.org\/fr\/#primaryimage","url":"https:\/\/mojo-agency.org\/wp-content\/uploads\/2024\/02\/MOJO_AGENCY.png","contentUrl":"https:\/\/mojo-agency.org\/wp-content\/uploads\/2024\/02\/MOJO_AGENCY.png","width":1080,"height":1080,"caption":"MOJO Agency Logo"},{"@type":"BreadcrumbList","@id":"https:\/\/mojo-agency.org\/fr\/#breadcrumb","itemListElement":[{"@type":"ListItem","position":1,"name":"Home","item":"https:\/\/mojo-agency.org\/fr\/"},{"@type":"ListItem","position":2,"name":"Page d&#8217;accueil"}]},{"@type":"WebSite","@id":"https:\/\/mojo-agency.org\/fr\/#website","url":"https:\/\/mojo-agency.org\/fr\/","name":"MOJO Agency","description":"","publisher":{"@id":"https:\/\/mojo-agency.org\/fr\/#organization"},"potentialAction":[{"@type":"SearchAction","target":{"@type":"EntryPoint","urlTemplate":"https:\/\/mojo-agency.org\/fr\/?s={search_term_string}"},"query-input":{"@type":"PropertyValueSpecification","valueRequired":true,"valueName":"search_term_string"}}],"inLanguage":"fr-FR"},{"@type":"Organization","@id":"https:\/\/mojo-agency.org\/fr\/#organization","name":"MOJO Agency","url":"https:\/\/mojo-agency.org\/fr\/","logo":{"@type":"ImageObject","inLanguage":"fr-FR","@id":"https:\/\/mojo-agency.org\/fr\/#\/schema\/logo\/image\/","url":"https:\/\/mojo-agency.org\/wp-content\/uploads\/2024\/02\/MOJO_AGENCY.png","contentUrl":"https:\/\/mojo-agency.org\/wp-content\/uploads\/2024\/02\/MOJO_AGENCY.png","width":1080,"height":1080,"caption":"MOJO Agency"},"image":{"@id":"https:\/\/mojo-agency.org\/fr\/#\/schema\/logo\/image\/"},"sameAs":["https:\/\/www.facebook.com\/AgencyMojo","https:\/\/x.com\/mojoagency_","https:\/\/www.instagram.com\/mojoagency_\/","https:\/\/www.youtube.com\/channel\/UCnh-i1u7JTuFl1ab5QoSRUA","https:\/\/be.linkedin.com\/company\/mojo-agency"]}]}},"_links":{"self":[{"href":"https:\/\/mojo-agency.org\/fr\/wp-json\/wp\/v2\/pages\/349","targetHints":{"allow":["GET"]}}],"collection":[{"href":"https:\/\/mojo-agency.org\/fr\/wp-json\/wp\/v2\/pages"}],"about":[{"href":"https:\/\/mojo-agency.org\/fr\/wp-json\/wp\/v2\/types\/page"}],"author":[{"embeddable":true,"href":"https:\/\/mojo-agency.org\/fr\/wp-json\/wp\/v2\/users\/2"}],"replies":[{"embeddable":true,"href":"https:\/\/mojo-agency.org\/fr\/wp-json\/wp\/v2\/comments?post=349"}],"version-history":[{"count":5,"href":"https:\/\/mojo-agency.org\/fr\/wp-json\/wp\/v2\/pages\/349\/revisions"}],"predecessor-version":[{"id":9659,"href":"https:\/\/mojo-agency.org\/fr\/wp-json\/wp\/v2\/pages\/349\/revisions\/9659"}],"wp:featuredmedia":[{"embeddable":true,"href":"https:\/\/mojo-agency.org\/fr\/wp-json\/wp\/v2\/media\/7074"}],"wp:attachment":[{"href":"https:\/\/mojo-agency.org\/fr\/wp-json\/wp\/v2\/media?parent=349"}],"curies":[{"name":"wp","href":"https:\/\/api.w.org\/{rel}","templated":true}]}}