{"id":1057,"date":"2021-09-20T17:15:55","date_gmt":"2021-09-20T15:15:55","guid":{"rendered":"https:\/\/mojo-agency.org\/?page_id=1057"},"modified":"2024-02-27T16:18:26","modified_gmt":"2024-02-27T15:18:26","slug":"politique-dutilisation-des-cookies","status":"publish","type":"page","link":"https:\/\/mojo-agency.org\/fr\/politique-dutilisation-des-cookies\/","title":{"rendered":"Politique d&rsquo;utilisation des cookies"},"content":{"rendered":"\n<h4 class=\"wp-block-heading\"><strong>QU\u2019EST-CE QU\u2019UN COOKIE?<\/strong><\/h4>\n\n\n\n<div style=\"height:20px\" aria-hidden=\"true\" class=\"wp-block-spacer\"><\/div>\n\n\n\n<p>Les cookies sont de petits fichiers texte, cr\u00e9\u00e9s par le site Web visit\u00e9, qui contiennent des donn\u00e9es. Ils sont stock\u00e9s sur l\u2019ordinateur du visiteur pour permettre \u00e0 l\u2019utilisateur d\u2019acc\u00e9der \u00e0 diff\u00e9rentes fonctions. Les cookies de session et les cookies sans session sont utilis\u00e9s sur ce site Web (le \u00abSite\u00bb). Un cookie de session est temporairement stock\u00e9 dans la m\u00e9moire de l\u2019ordinateur pendant que le visiteur navigue sur le site Web. Ce cookie est effac\u00e9 lorsque l\u2019utilisateur ferme son navigateur Web ou apr\u00e8s un certain temps (ce qui signifie que la session expire). Un cookie hors session reste sur l\u2019ordinateur du visiteur jusqu\u2019\u00e0 ce qu\u2019il soit supprim\u00e9.<\/p>\n\n\n\n<div style=\"height:50px\" aria-hidden=\"true\" class=\"wp-block-spacer\"><\/div>\n\n\n\n<h4 class=\"wp-block-heading\"><strong>POURQUOI UTILISONS-NOUS DES COOKIES?<\/strong><\/h4>\n\n\n\n<div style=\"height:20px\" aria-hidden=\"true\" class=\"wp-block-spacer\"><\/div>\n\n\n\n<p>Nous utilisons des cookies pour en savoir plus sur la fa\u00e7on dont les visiteurs interagissent avec notre contenu et nous aider \u00e0 am\u00e9liorer l\u2019exp\u00e9rience en visitant notre site.<\/p>\n\n\n\n<div style=\"height:50px\" aria-hidden=\"true\" class=\"wp-block-spacer\"><\/div>\n\n\n\n<h4 class=\"wp-block-heading\"><strong>FONCTIONNALIT\u00c9 DU SITE<\/strong><\/h4>\n\n\n\n<div style=\"height:20px\" aria-hidden=\"true\" class=\"wp-block-spacer\"><\/div>\n\n\n\n<p>La fonction de partage est utilis\u00e9e par les visiteurs pour recommander notre site et son contenu sur les r\u00e9seaux sociaux tels que Facebook et Twitter. Les cookies stockent des informations sur la mani\u00e8re dont les visiteurs utilisent la fonction de partage \u2013 mais pas au niveau individuel \u2013 afin que le site puisse \u00eatre am\u00e9lior\u00e9. Si vous n\u2019acceptez pas les cookies, aucune information n\u2019est stock\u00e9e.<\/p>\n\n\n\n<p>Pour certaines fonctions de notre site, nous utilisons des fournisseurs tiers, par exemple lorsque vous visitez une page avec des vid\u00e9os int\u00e9gr\u00e9es ou des liens vers YouTube. Ces vid\u00e9os ou liens (et tout autre contenu provenant de fournisseurs tiers) peuvent contenir des cookies tiers et vous pouvez consulter les politiques de ces sites Web tiers pour obtenir des informations concernant leur utilisation des cookies.<\/p>\n\n\n\n<div style=\"height:50px\" aria-hidden=\"true\" class=\"wp-block-spacer\"><\/div>\n\n\n\n<h4 class=\"wp-block-heading\"><strong>COOKIES QUE NOUS UTILISONS:<\/strong><\/h4>\n\n\n\n<div style=\"height:20px\" aria-hidden=\"true\" class=\"wp-block-spacer\"><\/div>\n\n\n\n<p>Ce site utilise Google Analytics qui utilise des cookies. Au niveau global, les cookies stockent des informations sur l\u2019utilisation du site par les visiteurs, notamment le nombre de pages affich\u00e9es, d\u2019o\u00f9 vient le visiteur et le nombre de visites, pour am\u00e9liorer le site et assurer une bonne exp\u00e9rience utilisateur. Si vous n\u2019acceptez pas les cookies, aucune information n\u2019est stock\u00e9e.<\/p>\n\n\n\n<div style=\"height:50px\" aria-hidden=\"true\" class=\"wp-block-spacer\"><\/div>\n\n\n\n<h4 class=\"wp-block-heading\"><strong>COMMENT REJETER LES COOKIES?<\/strong><\/h4>\n\n\n\n<div style=\"height:20px\" aria-hidden=\"true\" class=\"wp-block-spacer\"><\/div>\n\n\n\n<p>Nous n&rsquo;utilisons pas de cookies pour collecter des informations personnelles sur un visiteur.<\/p>\n\n\n\n<p>Cependant, vous pouvez choisir de refuser ou de bloquer les cookies mis en place par mojo-agency.org en changeant les param\u00e8tres de votre navigateur \u2013 voir la \u201cfonction d\u2019aide\u201d dans votre navigateur pour plus de d\u00e9tails. Veuillez noter que la plupart des navigateurs acceptent automatiquement les cookies. Si vous ne souhaitez pas que les cookies soient utilis\u00e9s, vous devrez peut-\u00eatre supprimer ou bloquer activement les cookies.<\/p>\n\n\n\n<p>Pour plus d\u2019informations sur l\u2019utilisation des cookies dans les navigateurs de t\u00e9l\u00e9phones mobiles et pour savoir comment les rejeter ou les supprimer, veuillez vous reporter au manuel de votre t\u00e9l\u00e9phone portable.<\/p>\n","protected":false},"excerpt":{"rendered":"<p>QU\u2019EST-CE QU\u2019UN COOKIE? Les cookies sont de petits fichiers texte, cr\u00e9\u00e9s par le site Web visit\u00e9, qui contiennent des donn\u00e9es. Ils sont stock\u00e9s sur l\u2019ordinateur du visiteur pour permettre \u00e0 l\u2019utilisateur d\u2019acc\u00e9der \u00e0 diff\u00e9rentes fonctions. Les cookies de session et les cookies sans session sont utilis\u00e9s sur ce site Web (le \u00abSite\u00bb). Un cookie de [&hellip;]<\/p>\n","protected":false},"author":2,"featured_media":0,"parent":0,"menu_order":0,"comment_status":"closed","ping_status":"closed","template":"","meta":{"_acf_changed":false,"inline_featured_image":false,"footnotes":""},"class_list":["post-1057","page","type-page","status-publish","hentry"],"acf":[],"yoast_head":"<title>Politique d&#039;utilisation des cookies - MOJO Agency<\/title>\n<meta name=\"description\" content=\"Nous utilisons des cookies afin d\u2019am\u00e9liorer votre exp\u00e9rience sur notre site. D\u00e9couvrez notre politique d&#039;utilisation des cookies.\" \/>\n<meta name=\"robots\" content=\"index, follow, max-snippet:-1, max-image-preview:large, max-video-preview:-1\" \/>\n<link rel=\"canonical\" href=\"https:\/\/mojo-agency.org\/fr\/politique-dutilisation-des-cookies\/\" \/>\n<meta property=\"og:locale\" content=\"fr_FR\" \/>\n<meta property=\"og:type\" content=\"article\" \/>\n<meta property=\"og:title\" content=\"Politique d&#039;utilisation des cookies - MOJO Agency\" \/>\n<meta property=\"og:description\" content=\"Nous utilisons des cookies afin d\u2019am\u00e9liorer votre exp\u00e9rience sur notre site. D\u00e9couvrez notre politique d&#039;utilisation des cookies.\" \/>\n<meta property=\"og:url\" content=\"https:\/\/mojo-agency.org\/fr\/politique-dutilisation-des-cookies\/\" \/>\n<meta property=\"og:site_name\" content=\"MOJO Agency\" \/>\n<meta property=\"article:publisher\" content=\"https:\/\/www.facebook.com\/AgencyMojo\" \/>\n<meta property=\"article:modified_time\" content=\"2024-02-27T15:18:26+00:00\" \/>\n<meta name=\"twitter:card\" content=\"summary_large_image\" \/>\n<meta name=\"twitter:site\" content=\"@mojoagency_\" \/>\n<meta name=\"twitter:label1\" content=\"Dur\u00e9e de lecture estim\u00e9e\" \/>\n\t<meta name=\"twitter:data1\" content=\"3 minutes\" \/>\n<script type=\"application\/ld+json\" class=\"yoast-schema-graph\">{\"@context\":\"https:\\\/\\\/schema.org\",\"@graph\":[{\"@type\":\"WebPage\",\"@id\":\"https:\\\/\\\/mojo-agency.org\\\/fr\\\/politique-dutilisation-des-cookies\\\/\",\"url\":\"https:\\\/\\\/mojo-agency.org\\\/fr\\\/politique-dutilisation-des-cookies\\\/\",\"name\":\"Politique d'utilisation des cookies - MOJO Agency\",\"isPartOf\":{\"@id\":\"https:\\\/\\\/mojo-agency.org\\\/fr\\\/#website\"},\"datePublished\":\"2021-09-20T15:15:55+00:00\",\"dateModified\":\"2024-02-27T15:18:26+00:00\",\"description\":\"Nous utilisons des cookies afin d\u2019am\u00e9liorer votre exp\u00e9rience sur notre site. D\u00e9couvrez notre politique d'utilisation des cookies.\",\"breadcrumb\":{\"@id\":\"https:\\\/\\\/mojo-agency.org\\\/fr\\\/politique-dutilisation-des-cookies\\\/#breadcrumb\"},\"inLanguage\":\"fr-FR\",\"potentialAction\":[{\"@type\":\"ReadAction\",\"target\":[\"https:\\\/\\\/mojo-agency.org\\\/fr\\\/politique-dutilisation-des-cookies\\\/\"]}]},{\"@type\":\"BreadcrumbList\",\"@id\":\"https:\\\/\\\/mojo-agency.org\\\/fr\\\/politique-dutilisation-des-cookies\\\/#breadcrumb\",\"itemListElement\":[{\"@type\":\"ListItem\",\"position\":1,\"name\":\"Home\",\"item\":\"https:\\\/\\\/mojo-agency.org\\\/fr\\\/\"},{\"@type\":\"ListItem\",\"position\":2,\"name\":\"Politique d&#8217;utilisation des cookies\"}]},{\"@type\":\"WebSite\",\"@id\":\"https:\\\/\\\/mojo-agency.org\\\/fr\\\/#website\",\"url\":\"https:\\\/\\\/mojo-agency.org\\\/fr\\\/\",\"name\":\"MOJO Agency\",\"description\":\"\",\"publisher\":{\"@id\":\"https:\\\/\\\/mojo-agency.org\\\/fr\\\/#organization\"},\"potentialAction\":[{\"@type\":\"SearchAction\",\"target\":{\"@type\":\"EntryPoint\",\"urlTemplate\":\"https:\\\/\\\/mojo-agency.org\\\/fr\\\/?s={search_term_string}\"},\"query-input\":{\"@type\":\"PropertyValueSpecification\",\"valueRequired\":true,\"valueName\":\"search_term_string\"}}],\"inLanguage\":\"fr-FR\"},{\"@type\":\"Organization\",\"@id\":\"https:\\\/\\\/mojo-agency.org\\\/fr\\\/#organization\",\"name\":\"MOJO Agency\",\"url\":\"https:\\\/\\\/mojo-agency.org\\\/fr\\\/\",\"logo\":{\"@type\":\"ImageObject\",\"inLanguage\":\"fr-FR\",\"@id\":\"https:\\\/\\\/mojo-agency.org\\\/fr\\\/#\\\/schema\\\/logo\\\/image\\\/\",\"url\":\"https:\\\/\\\/mojo-agency.org\\\/wp-content\\\/uploads\\\/2024\\\/02\\\/MOJO_AGENCY.png\",\"contentUrl\":\"https:\\\/\\\/mojo-agency.org\\\/wp-content\\\/uploads\\\/2024\\\/02\\\/MOJO_AGENCY.png\",\"width\":1080,\"height\":1080,\"caption\":\"MOJO Agency\"},\"image\":{\"@id\":\"https:\\\/\\\/mojo-agency.org\\\/fr\\\/#\\\/schema\\\/logo\\\/image\\\/\"},\"sameAs\":[\"https:\\\/\\\/www.facebook.com\\\/AgencyMojo\",\"https:\\\/\\\/x.com\\\/mojoagency_\",\"https:\\\/\\\/www.instagram.com\\\/mojoagency_\\\/\",\"https:\\\/\\\/www.youtube.com\\\/channel\\\/UCnh-i1u7JTuFl1ab5QoSRUA\",\"https:\\\/\\\/be.linkedin.com\\\/company\\\/mojo-agency\"]}]}<\/script>","yoast_head_json":{"title":"Politique d'utilisation des cookies - MOJO Agency","description":"Nous utilisons des cookies afin d\u2019am\u00e9liorer votre exp\u00e9rience sur notre site. D\u00e9couvrez notre politique d'utilisation des cookies.","robots":{"index":"index","follow":"follow","max-snippet":"max-snippet:-1","max-image-preview":"max-image-preview:large","max-video-preview":"max-video-preview:-1"},"canonical":"https:\/\/mojo-agency.org\/fr\/politique-dutilisation-des-cookies\/","og_locale":"fr_FR","og_type":"article","og_title":"Politique d'utilisation des cookies - MOJO Agency","og_description":"Nous utilisons des cookies afin d\u2019am\u00e9liorer votre exp\u00e9rience sur notre site. D\u00e9couvrez notre politique d'utilisation des cookies.","og_url":"https:\/\/mojo-agency.org\/fr\/politique-dutilisation-des-cookies\/","og_site_name":"MOJO Agency","article_publisher":"https:\/\/www.facebook.com\/AgencyMojo","article_modified_time":"2024-02-27T15:18:26+00:00","twitter_card":"summary_large_image","twitter_site":"@mojoagency_","twitter_misc":{"Dur\u00e9e de lecture estim\u00e9e":"3 minutes"},"schema":{"@context":"https:\/\/schema.org","@graph":[{"@type":"WebPage","@id":"https:\/\/mojo-agency.org\/fr\/politique-dutilisation-des-cookies\/","url":"https:\/\/mojo-agency.org\/fr\/politique-dutilisation-des-cookies\/","name":"Politique d'utilisation des cookies - MOJO Agency","isPartOf":{"@id":"https:\/\/mojo-agency.org\/fr\/#website"},"datePublished":"2021-09-20T15:15:55+00:00","dateModified":"2024-02-27T15:18:26+00:00","description":"Nous utilisons des cookies afin d\u2019am\u00e9liorer votre exp\u00e9rience sur notre site. D\u00e9couvrez notre politique d'utilisation des cookies.","breadcrumb":{"@id":"https:\/\/mojo-agency.org\/fr\/politique-dutilisation-des-cookies\/#breadcrumb"},"inLanguage":"fr-FR","potentialAction":[{"@type":"ReadAction","target":["https:\/\/mojo-agency.org\/fr\/politique-dutilisation-des-cookies\/"]}]},{"@type":"BreadcrumbList","@id":"https:\/\/mojo-agency.org\/fr\/politique-dutilisation-des-cookies\/#breadcrumb","itemListElement":[{"@type":"ListItem","position":1,"name":"Home","item":"https:\/\/mojo-agency.org\/fr\/"},{"@type":"ListItem","position":2,"name":"Politique d&#8217;utilisation des cookies"}]},{"@type":"WebSite","@id":"https:\/\/mojo-agency.org\/fr\/#website","url":"https:\/\/mojo-agency.org\/fr\/","name":"MOJO Agency","description":"","publisher":{"@id":"https:\/\/mojo-agency.org\/fr\/#organization"},"potentialAction":[{"@type":"SearchAction","target":{"@type":"EntryPoint","urlTemplate":"https:\/\/mojo-agency.org\/fr\/?s={search_term_string}"},"query-input":{"@type":"PropertyValueSpecification","valueRequired":true,"valueName":"search_term_string"}}],"inLanguage":"fr-FR"},{"@type":"Organization","@id":"https:\/\/mojo-agency.org\/fr\/#organization","name":"MOJO Agency","url":"https:\/\/mojo-agency.org\/fr\/","logo":{"@type":"ImageObject","inLanguage":"fr-FR","@id":"https:\/\/mojo-agency.org\/fr\/#\/schema\/logo\/image\/","url":"https:\/\/mojo-agency.org\/wp-content\/uploads\/2024\/02\/MOJO_AGENCY.png","contentUrl":"https:\/\/mojo-agency.org\/wp-content\/uploads\/2024\/02\/MOJO_AGENCY.png","width":1080,"height":1080,"caption":"MOJO Agency"},"image":{"@id":"https:\/\/mojo-agency.org\/fr\/#\/schema\/logo\/image\/"},"sameAs":["https:\/\/www.facebook.com\/AgencyMojo","https:\/\/x.com\/mojoagency_","https:\/\/www.instagram.com\/mojoagency_\/","https:\/\/www.youtube.com\/channel\/UCnh-i1u7JTuFl1ab5QoSRUA","https:\/\/be.linkedin.com\/company\/mojo-agency"]}]}},"_links":{"self":[{"href":"https:\/\/mojo-agency.org\/fr\/wp-json\/wp\/v2\/pages\/1057","targetHints":{"allow":["GET"]}}],"collection":[{"href":"https:\/\/mojo-agency.org\/fr\/wp-json\/wp\/v2\/pages"}],"about":[{"href":"https:\/\/mojo-agency.org\/fr\/wp-json\/wp\/v2\/types\/page"}],"author":[{"embeddable":true,"href":"https:\/\/mojo-agency.org\/fr\/wp-json\/wp\/v2\/users\/2"}],"replies":[{"embeddable":true,"href":"https:\/\/mojo-agency.org\/fr\/wp-json\/wp\/v2\/comments?post=1057"}],"version-history":[{"count":0,"href":"https:\/\/mojo-agency.org\/fr\/wp-json\/wp\/v2\/pages\/1057\/revisions"}],"wp:attachment":[{"href":"https:\/\/mojo-agency.org\/fr\/wp-json\/wp\/v2\/media?parent=1057"}],"curies":[{"name":"wp","href":"https:\/\/api.w.org\/{rel}","templated":true}]}}